{"id":337,"date":"2020-09-11T09:29:19","date_gmt":"2020-09-11T07:29:19","guid":{"rendered":"https:\/\/www.gotademundo.wine\/cookie-policy\/"},"modified":"2020-09-24T14:41:55","modified_gmt":"2020-09-24T12:41:55","slug":"cookie-policy","status":"publish","type":"page","link":"https:\/\/www.gotademundo.wine\/es\/cookie-policy\/","title":{"rendered":"Cookie Policy"},"content":{"rendered":"<div class=\"riga-intera-cookie\">\r\n<p>La siguiente informaci\u00f3n es para beneficio de los lectores que pueden optar por navegar por las p\u00e1ginas del sitio web, tomar precauciones para consultar los contenidos o abandonarlo. Las disposiciones del Garante de Privacidad que siguen una Directiva Europea y el posterior reglamento GDPR, acr\u00f3nimo de Reglamento General de Protecci\u00f3n de Datos, emitido por la Uni\u00f3n Europea el 27 de abril de 2016, imponen a los administradores de un sitio web una serie de reglas para tener el Consentimiento de los lectores para el tratamiento de sus datos.<\/p>\r\n<p>Los administradores de este sitio web son <strong>DELITERRANEUS SRL<\/strong> de Via dei Colli Storici, 18, 25015 Desenzano del Garda, Brescia, quienes pueden ser contactados en esta direcci\u00f3n de correo electr\u00f3nico para cualquier problema relacionado con la privacidad del lector.<\/p>\r\n<p>Las cookies son archivos de texto que los sitios visitados env\u00edan al navegador del usuario y que se almacenan antes de ser retransmitidos al sitio en la pr\u00f3xima visita. Se pueden usar para monitorear sesiones, para autenticar a un usuario para que pueda acceder a un sitio, sin tener que escribir su nombre y contrase\u00f1a cada vez, y para almacenar sus preferencias. Las denominadas cookies t\u00e9cnicas se utilizan para la navegaci\u00f3n y para facilitar el acceso y uso del sitio por parte del usuario. Las cookies t\u00e9cnicas son esenciales, por ejemplo, para acceder a Google o Facebook sin tener que iniciar sesi\u00f3n en todas las sesiones. Tambi\u00e9n lo son en operaciones muy delicadas como las de banca a domicilio o el pago con tarjeta de cr\u00e9dito o mediante otros sistemas. Las cookies se denominan t\u00e9cnicos si se utilizan con el fin de optimizar el sitio directamente por el propietario del sitio, quien puede recopilar informaci\u00f3n en forma agregada sobre el n\u00famero de usuarios y c\u00f3mo visitan el sitio.<\/p>\r\n<p>Las cookies se definen como elaboraci\u00f3n de perfiles si se utilizan para rastrear la navegaci\u00f3n del usuario, para crear perfiles sobre sus gustos, preferencias, intereses e incluso sus b\u00fasquedas. Si por casualidad vio banners publicitarios relacionados con un producto que busc\u00f3 en Internet poco antes, el motivo radica precisamente en la elaboraci\u00f3n de perfiles de sus intereses y los servidores, debidamente abordados por cookies, le mostraron los anuncios considerados m\u00e1s relevantes.<\/p>\r\n<p>No se requiere consentimiento para la instalaci\u00f3n de cookies t\u00e9cnicas, mientras que las cookies de creaci\u00f3n de perfiles pueden instalarse en el terminal del usuario solo despu\u00e9s de que este \u00faltimo haya dado su consentimiento y despu\u00e9s de haber sido informado de manera simplificada.<\/p>\r\n<p>El Garante de Privacidad ha establecido que cuando el usuario accede a un sitio web debe aparecer un banner que contenga una breve informaci\u00f3n, la solicitud de consentimiento y un enlace para la informaci\u00f3n m\u00e1s extensa, como el de esta p\u00e1gina, sobre qu\u00e9 son las cookies de creaci\u00f3n de perfiles y sobre el uso que se hace de ellas en el sitio.<\/p>\r\n<p>El banner debe estar dise\u00f1ado para ocultar parte del contenido de la p\u00e1gina y especificar que el sitio tambi\u00e9n utiliza cookies de creaci\u00f3n de perfiles de terceros. El banner debe poder eliminarse solo con una acci\u00f3n activa del usuario, como un clic. Debe contener la informaci\u00f3n breve, el enlace a la informaci\u00f3n ampliada y el bot\u00f3n para dar consentimiento para el uso de cookies de creaci\u00f3n de perfiles.<\/p>\r\n<p>Se permite que se utilice una cookie t\u00e9cnica que tenga en cuenta el consentimiento del usuario, para que el usuario no tenga que volver a dar su consentimiento en una visita posterior al sitio. En cambio, en la informaci\u00f3n ampliada (esta misma p\u00e1gina), se deben ilustrar las caracter\u00edsticas de las cookies instaladas tambi\u00e9n por terceros. Tambi\u00e9n es necesario indicar al usuario c\u00f3mo navegar por el sitio sin que se rastreen sus preferencias con la posibilidad de navegar de inc\u00f3gnito y con la eliminaci\u00f3n de cookies individuales.<\/p>\r\n<p>Este sitio utiliza Google Analytics y sus cookies, que se consideran t\u00e9cnicas si se utilizan solo con fines de optimizaci\u00f3n y si las IP de los usuarios se mantienen en el anonimato. Te recordamos que los datos se utilizan \u00fanicamente para tener los datos de las p\u00e1ginas m\u00e1s visitadas, el n\u00famero de visitantes, los datos agregados de visitas por sistema operativo, por navegador, etc. Las IP de Google Analytics se han anonimizado. Estos par\u00e1metros se almacenan en los servidores de Google que rigen su privacidad de acuerdo con las pautas de los otros servicios.<\/p>\r\n<p>En la propiedad de GA relacionada con este sitio, se ha establecido una duraci\u00f3n de 14 meses para el mantenimiento del almacenamiento de datos, que en cualquier caso han sido anonimizados y agregados solo con fines estad\u00edsticos. Google Analytics se puede desactivar con un complemento disponible para Internet Explorer, Google Chrome, Mozilla Firefox, Apple Safari y Opera. El script que detecta visitas est\u00e1 deshabilitado.<\/p>\r\n<p>Cancelaci\u00f3n de cookies<br \/>Los navegadores permiten la eliminaci\u00f3n generalizada de cookies, o espec\u00edficas de cada dominio que se ha visitado no en modo confidencial. Puede seguir esta gu\u00eda para eliminar las cookies de varios navegadores.<\/p>\r\n<p>Navegaci\u00f3n an\u00f3nima<\/p>\r\n<p>Todos los navegadores permiten la navegaci\u00f3n an\u00f3nima, de inc\u00f3gnito o privada.<br \/>1. M\u00e1s informaci\u00f3n sobre la desactivaci\u00f3n de cookies en Firefox, en ingl\u00e9s.<br \/>2. M\u00e1s informaci\u00f3n sobre c\u00f3mo deshabilitar las cookies en Chrome, en ingl\u00e9s<br \/>3. M\u00e1s informaci\u00f3n sobre la desactivaci\u00f3n de cookies en Internet Explorer, en ingl\u00e9s<br \/>4. M\u00e1s informaci\u00f3n sobre la desactivaci\u00f3n de cookies en Safari, en ingl\u00e9s<br \/>5. M\u00e1s informaci\u00f3n sobre la desactivaci\u00f3n de cookies en Opera, en ingl\u00e9s.<br \/><br \/>Que es el GDPR<br \/>El 25 de mayo de 2018 entra en vigor el RGPD, acr\u00f3nimo de Reglamento General de Protecci\u00f3n de Datos, emitido por la Uni\u00f3n Europea el 27 de abril de 2016 y v\u00e1lido para todos los sujetos de la Uni\u00f3n o que operan en la UE sin necesidad de ratificaci\u00f3n alguna por parte de los estados individuales.<\/p>\r\n<p>El GDPR es un instrumento legislativo que sirve para estandarizar la legislaci\u00f3n de privacidad a nivel europeo y reemplaza el decreto legislativo 196\/2003. Los temas requeridos para cumplir son los siguientes:<\/p>\r\n<p>1.<\/p>\r\n<p>1. Empresas y organizaciones con sede en un estado de la UE<br \/>2. Empresas y organizaciones que operan en terceros pa\u00edses pero que tienen clientes de la UE.<\/p>\r\n<p>El objetivo es aumentar el nivel de confianza de los europeos hacia todas las personas, privadas o p\u00fablicas, que trabajan a diario con su informaci\u00f3n personal, sensible o confidencial. Cualquier multa a los infractores por incumplimiento del RGPD no ser\u00e1 inmediata. Comenzar\u00e1 con una advertencia, luego con una reprimenda, luego con una suspensi\u00f3n del procesamiento de datos y, en caso de violaci\u00f3n continua de la regla, solo entonces podr\u00edan llegar las multas.<\/p>\r\n<p>La primera obligaci\u00f3n es tener una Pol\u00edtica de Privacidad, o un documento que ilustre c\u00f3mo se procesan los datos privados. Esta informaci\u00f3n debe estar actualizada y contener:<\/p>\r\n<p>1. La finalidad del procesamiento de datos<br \/>2. la modalidad de este tratamiento<br \/>3. Los sujetos de terceras partes que almacenan, controlan y utilizan estos datos a trav\u00e9s de aplicaciones o tecnolog\u00edas instaladas en sitios como Google, Facebook y otros actores del sector<br \/>4. los derechos del navegador<br \/>5. Los datos del responsable del tratamiento o del administrador del sitio.<\/p>\r\n<p>Debe existir una base legal para el procesamiento de datos personales y la presencia de un consentimiento otorgado por el usuario para uno o m\u00e1s prop\u00f3sitos de este procesamiento de datos.<\/p>\r\n<br \/><\/div><!-- \/wp:post-content -->","protected":false},"excerpt":{"rendered":"<p>La siguiente informaci\u00f3n es para beneficio de los lectores que pueden optar por navegar por las p\u00e1ginas del sitio web, tomar precauciones para consultar los contenidos o abandonarlo. Las disposiciones del Garante de Privacidad que siguen una Directiva Europea y el posterior reglamento GDPR, acr\u00f3nimo de Reglamento General de Protecci\u00f3n de Datos, emitido por la [&hellip;]<\/p>\n","protected":false},"author":1,"featured_media":0,"parent":0,"menu_order":0,"comment_status":"closed","ping_status":"closed","template":"cookie-policy.php","meta":{"_acf_changed":false,"footnotes":""},"class_list":["post-337","page","type-page","status-publish","hentry"],"acf":[],"_links":{"self":[{"href":"https:\/\/www.gotademundo.wine\/es\/wp-json\/wp\/v2\/pages\/337","targetHints":{"allow":["GET"]}}],"collection":[{"href":"https:\/\/www.gotademundo.wine\/es\/wp-json\/wp\/v2\/pages"}],"about":[{"href":"https:\/\/www.gotademundo.wine\/es\/wp-json\/wp\/v2\/types\/page"}],"author":[{"embeddable":true,"href":"https:\/\/www.gotademundo.wine\/es\/wp-json\/wp\/v2\/users\/1"}],"replies":[{"embeddable":true,"href":"https:\/\/www.gotademundo.wine\/es\/wp-json\/wp\/v2\/comments?post=337"}],"version-history":[{"count":1,"href":"https:\/\/www.gotademundo.wine\/es\/wp-json\/wp\/v2\/pages\/337\/revisions"}],"predecessor-version":[{"id":338,"href":"https:\/\/www.gotademundo.wine\/es\/wp-json\/wp\/v2\/pages\/337\/revisions\/338"}],"wp:attachment":[{"href":"https:\/\/www.gotademundo.wine\/es\/wp-json\/wp\/v2\/media?parent=337"}],"curies":[{"name":"wp","href":"https:\/\/api.w.org\/{rel}","templated":true}]}}